{"id":4840,"date":"2021-12-08T19:48:45","date_gmt":"2021-12-08T18:48:45","guid":{"rendered":"https:\/\/babychicbymare.com\/?post_type=product&#038;p=4840"},"modified":"2021-12-14T09:52:48","modified_gmt":"2021-12-14T08:52:48","slug":"torta-pannolini-m","status":"publish","type":"product","link":"https:\/\/babychicbymare.com\/?product=torta-pannolini-m","title":{"rendered":"Torta Pannolini &#8220;M&#8221;"},"content":{"rendered":"","protected":false},"excerpt":{"rendered":"[contact-form to=\"babychicbymare@gmail.com\" subject=\"BabyBox\"][contact-field label=\"Per chi \u00e8?\" type=\"select\" required=\"1\" options=\"Bimbo,Bimba\"][contact-field label=\"Richieste particolari\" type=\"text\" required=\"1\"][contact-field label=\"Nr. di telefono\" type=\"text\" required=\"1\"][\/contact-form]\n<p>Torta di pannolini taglia Medium composta di base da cesta\/cestino, pannolini ecologici marca Pillo taglia 2 (3-6 kg) , copertina in cotone, peluche\/doudou e portaciuccio massaggiagengive con nome\/bracciale dentizione.<\/p>\n<p>E&#8217; possibile aggiungere altri prodotti a scelta, a seconda della disponibilit\u00e0. Il prezzo varier\u00e0 in base al contenuto.<\/p>\n<p>*Ogni composizione \u00e8 unica! Foto indicative.<\/p>\n","protected":false},"featured_media":4842,"comment_status":"closed","ping_status":"closed","template":"","meta":{"_coblocks_attr":"","_coblocks_dimensions":"","_coblocks_responsive_height":"","_coblocks_accordion_ie_support":"","_crdt_document":"","jetpack_publicize_message":"","jetpack_publicize_feature_enabled":true,"jetpack_social_post_already_shared":true,"jetpack_social_options":{"image_generator_settings":{"template":"fullscreen","default_image_id":0,"font":"","enabled":false},"version":2},"_wpas_customize_per_network":false},"product_brand":[],"product_cat":[672601314],"product_tag":[672601294,672601308,672601310,672601278,672601309,672601255,672601250,672601249,672601272,672601295,672601256,672601248,672601252,672601296,672601273,672601297,672601257,672601251,672601258,672601315],"class_list":{"0":"post-4840","1":"product","2":"type-product","3":"status-publish","4":"has-post-thumbnail","6":"product_cat-torte-pannolini","7":"product_tag-babbonatale","8":"product_tag-baby","9":"product_tag-babybox","10":"product_tag-battesimo","11":"product_tag-box","12":"product_tag-bracciale","13":"product_tag-dentaruolo","14":"product_tag-dentizione","15":"product_tag-giftbox","16":"product_tag-gingerbread","17":"product_tag-gioco","18":"product_tag-massaggiagengive","19":"product_tag-nascita","20":"product_tag-natale","21":"product_tag-regalo","22":"product_tag-regalodinatale","23":"product_tag-sensoriale","24":"product_tag-set","25":"product_tag-silicone","26":"product_tag-tortapannolini","27":"product_shipping_class-pacco-economy-7","29":"first","30":"instock","31":"purchasable","32":"product-type-simple"},"yoast_head":"<!-- This site is optimized with the Yoast SEO plugin v27.3 - https:\/\/yoast.com\/product\/yoast-seo-wordpress\/ -->\n<title>Torta Pannolini &quot;M&quot; - Baby Chic<\/title>\n<meta name=\"robots\" content=\"index, follow, max-snippet:-1, max-image-preview:large, max-video-preview:-1\" \/>\n<link rel=\"canonical\" href=\"https:\/\/babychicbymare.com\/?product=torta-pannolini-m\" \/>\n<meta property=\"og:locale\" content=\"it_IT\" \/>\n<meta property=\"og:type\" content=\"article\" \/>\n<meta property=\"og:title\" content=\"Torta Pannolini &quot;M&quot; - Baby Chic\" \/>\n<meta property=\"og:description\" content=\"Torta di pannolini taglia Medium composta di base da cesta\/cestino, pannolini ecologici marca Pillo taglia 2 (3-6 kg) , copertina in cotone, peluche\/doudou e portaciuccio massaggiagengive con nome\/bracciale dentizione.  E&#039; possibile aggiungere altri prodotti a scelta, a seconda della disponibilit\u00e0. Il prezzo varier\u00e0 in base al contenuto.  *Ogni composizione \u00e8 unica! Foto indicative.\" \/>\n<meta property=\"og:url\" content=\"https:\/\/babychicbymare.com\/?product=torta-pannolini-m\" \/>\n<meta property=\"og:site_name\" content=\"Baby Chic\" \/>\n<meta property=\"article:publisher\" content=\"https:\/\/www.facebook.com\/babychicbymare\/\" \/>\n<meta property=\"article:modified_time\" content=\"2021-12-14T08:52:48+00:00\" \/>\n<meta property=\"og:image\" content=\"https:\/\/babychicbymare.com\/wp-content\/uploads\/2021\/12\/1638374328583-1024x1024.png\" \/>\n\t<meta property=\"og:image:width\" content=\"1024\" \/>\n\t<meta property=\"og:image:height\" content=\"1024\" \/>\n\t<meta property=\"og:image:type\" content=\"image\/png\" \/>\n<meta name=\"twitter:card\" content=\"summary_large_image\" \/>\n<script type=\"application\/ld+json\" class=\"yoast-schema-graph\">{\"@context\":\"https:\\\/\\\/schema.org\",\"@graph\":[{\"@type\":\"WebPage\",\"@id\":\"https:\\\/\\\/babychicbymare.com\\\/?product=torta-pannolini-m\",\"url\":\"https:\\\/\\\/babychicbymare.com\\\/?product=torta-pannolini-m\",\"name\":\"Torta Pannolini \\\"M\\\" - Baby Chic\",\"isPartOf\":{\"@id\":\"https:\\\/\\\/babychicbymare.com\\\/#website\"},\"primaryImageOfPage\":{\"@id\":\"https:\\\/\\\/babychicbymare.com\\\/?product=torta-pannolini-m#primaryimage\"},\"image\":{\"@id\":\"https:\\\/\\\/babychicbymare.com\\\/?product=torta-pannolini-m#primaryimage\"},\"thumbnailUrl\":\"https:\\\/\\\/i0.wp.com\\\/babychicbymare.com\\\/wp-content\\\/uploads\\\/2021\\\/12\\\/1638374328583.png?fit=1920%2C1920&ssl=1\",\"datePublished\":\"2021-12-08T18:48:45+00:00\",\"dateModified\":\"2021-12-14T08:52:48+00:00\",\"breadcrumb\":{\"@id\":\"https:\\\/\\\/babychicbymare.com\\\/?product=torta-pannolini-m#breadcrumb\"},\"inLanguage\":\"it-IT\",\"potentialAction\":[{\"@type\":\"ReadAction\",\"target\":[\"https:\\\/\\\/babychicbymare.com\\\/?product=torta-pannolini-m\"]}]},{\"@type\":\"ImageObject\",\"inLanguage\":\"it-IT\",\"@id\":\"https:\\\/\\\/babychicbymare.com\\\/?product=torta-pannolini-m#primaryimage\",\"url\":\"https:\\\/\\\/i0.wp.com\\\/babychicbymare.com\\\/wp-content\\\/uploads\\\/2021\\\/12\\\/1638374328583.png?fit=1920%2C1920&ssl=1\",\"contentUrl\":\"https:\\\/\\\/i0.wp.com\\\/babychicbymare.com\\\/wp-content\\\/uploads\\\/2021\\\/12\\\/1638374328583.png?fit=1920%2C1920&ssl=1\",\"width\":1920,\"height\":1920},{\"@type\":\"BreadcrumbList\",\"@id\":\"https:\\\/\\\/babychicbymare.com\\\/?product=torta-pannolini-m#breadcrumb\",\"itemListElement\":[{\"@type\":\"ListItem\",\"position\":1,\"name\":\"Home\",\"item\":\"https:\\\/\\\/babychicbymare.com\\\/\"},{\"@type\":\"ListItem\",\"position\":2,\"name\":\"SHOP\",\"item\":\"https:\\\/\\\/babychicbymare.com\\\/?page_id=4140\"},{\"@type\":\"ListItem\",\"position\":3,\"name\":\"Torta Pannolini &#8220;M&#8221;\"}]},{\"@type\":\"WebSite\",\"@id\":\"https:\\\/\\\/babychicbymare.com\\\/#website\",\"url\":\"https:\\\/\\\/babychicbymare.com\\\/\",\"name\":\"Baby Chic\",\"description\":\"\",\"publisher\":{\"@id\":\"https:\\\/\\\/babychicbymare.com\\\/#organization\"},\"potentialAction\":[{\"@type\":\"SearchAction\",\"target\":{\"@type\":\"EntryPoint\",\"urlTemplate\":\"https:\\\/\\\/babychicbymare.com\\\/?s={search_term_string}\"},\"query-input\":{\"@type\":\"PropertyValueSpecification\",\"valueRequired\":true,\"valueName\":\"search_term_string\"}}],\"inLanguage\":\"it-IT\"},{\"@type\":\"Organization\",\"@id\":\"https:\\\/\\\/babychicbymare.com\\\/#organization\",\"name\":\"Baby Chic\",\"url\":\"https:\\\/\\\/babychicbymare.com\\\/\",\"logo\":{\"@type\":\"ImageObject\",\"inLanguage\":\"it-IT\",\"@id\":\"https:\\\/\\\/babychicbymare.com\\\/#\\\/schema\\\/logo\\\/image\\\/\",\"url\":\"https:\\\/\\\/i0.wp.com\\\/babychicbymare.com\\\/wp-content\\\/uploads\\\/2022\\\/01\\\/1636618848509.png?fit=1791%2C2057&ssl=1\",\"contentUrl\":\"https:\\\/\\\/i0.wp.com\\\/babychicbymare.com\\\/wp-content\\\/uploads\\\/2022\\\/01\\\/1636618848509.png?fit=1791%2C2057&ssl=1\",\"width\":1791,\"height\":2057,\"caption\":\"Baby Chic\"},\"image\":{\"@id\":\"https:\\\/\\\/babychicbymare.com\\\/#\\\/schema\\\/logo\\\/image\\\/\"},\"sameAs\":[\"https:\\\/\\\/www.facebook.com\\\/babychicbymare\\\/\",\"https:\\\/\\\/www.instagram.com\\\/babychic.melano\\\/\"]}]}<\/script>\n<!-- \/ Yoast SEO plugin. -->","yoast_head_json":{"title":"Torta Pannolini \"M\" - Baby Chic","robots":{"index":"index","follow":"follow","max-snippet":"max-snippet:-1","max-image-preview":"max-image-preview:large","max-video-preview":"max-video-preview:-1"},"canonical":"https:\/\/babychicbymare.com\/?product=torta-pannolini-m","og_locale":"it_IT","og_type":"article","og_title":"Torta Pannolini \"M\" - Baby Chic","og_description":"Torta di pannolini taglia Medium composta di base da cesta\/cestino, pannolini ecologici marca Pillo taglia 2 (3-6 kg) , copertina in cotone, peluche\/doudou e portaciuccio massaggiagengive con nome\/bracciale dentizione.  E' possibile aggiungere altri prodotti a scelta, a seconda della disponibilit\u00e0. Il prezzo varier\u00e0 in base al contenuto.  *Ogni composizione \u00e8 unica! Foto indicative.","og_url":"https:\/\/babychicbymare.com\/?product=torta-pannolini-m","og_site_name":"Baby Chic","article_publisher":"https:\/\/www.facebook.com\/babychicbymare\/","article_modified_time":"2021-12-14T08:52:48+00:00","og_image":[{"width":1024,"height":1024,"url":"https:\/\/babychicbymare.com\/wp-content\/uploads\/2021\/12\/1638374328583-1024x1024.png","type":"image\/png"}],"twitter_card":"summary_large_image","schema":{"@context":"https:\/\/schema.org","@graph":[{"@type":"WebPage","@id":"https:\/\/babychicbymare.com\/?product=torta-pannolini-m","url":"https:\/\/babychicbymare.com\/?product=torta-pannolini-m","name":"Torta Pannolini \"M\" - Baby Chic","isPartOf":{"@id":"https:\/\/babychicbymare.com\/#website"},"primaryImageOfPage":{"@id":"https:\/\/babychicbymare.com\/?product=torta-pannolini-m#primaryimage"},"image":{"@id":"https:\/\/babychicbymare.com\/?product=torta-pannolini-m#primaryimage"},"thumbnailUrl":"https:\/\/i0.wp.com\/babychicbymare.com\/wp-content\/uploads\/2021\/12\/1638374328583.png?fit=1920%2C1920&ssl=1","datePublished":"2021-12-08T18:48:45+00:00","dateModified":"2021-12-14T08:52:48+00:00","breadcrumb":{"@id":"https:\/\/babychicbymare.com\/?product=torta-pannolini-m#breadcrumb"},"inLanguage":"it-IT","potentialAction":[{"@type":"ReadAction","target":["https:\/\/babychicbymare.com\/?product=torta-pannolini-m"]}]},{"@type":"ImageObject","inLanguage":"it-IT","@id":"https:\/\/babychicbymare.com\/?product=torta-pannolini-m#primaryimage","url":"https:\/\/i0.wp.com\/babychicbymare.com\/wp-content\/uploads\/2021\/12\/1638374328583.png?fit=1920%2C1920&ssl=1","contentUrl":"https:\/\/i0.wp.com\/babychicbymare.com\/wp-content\/uploads\/2021\/12\/1638374328583.png?fit=1920%2C1920&ssl=1","width":1920,"height":1920},{"@type":"BreadcrumbList","@id":"https:\/\/babychicbymare.com\/?product=torta-pannolini-m#breadcrumb","itemListElement":[{"@type":"ListItem","position":1,"name":"Home","item":"https:\/\/babychicbymare.com\/"},{"@type":"ListItem","position":2,"name":"SHOP","item":"https:\/\/babychicbymare.com\/?page_id=4140"},{"@type":"ListItem","position":3,"name":"Torta Pannolini &#8220;M&#8221;"}]},{"@type":"WebSite","@id":"https:\/\/babychicbymare.com\/#website","url":"https:\/\/babychicbymare.com\/","name":"Baby Chic","description":"","publisher":{"@id":"https:\/\/babychicbymare.com\/#organization"},"potentialAction":[{"@type":"SearchAction","target":{"@type":"EntryPoint","urlTemplate":"https:\/\/babychicbymare.com\/?s={search_term_string}"},"query-input":{"@type":"PropertyValueSpecification","valueRequired":true,"valueName":"search_term_string"}}],"inLanguage":"it-IT"},{"@type":"Organization","@id":"https:\/\/babychicbymare.com\/#organization","name":"Baby Chic","url":"https:\/\/babychicbymare.com\/","logo":{"@type":"ImageObject","inLanguage":"it-IT","@id":"https:\/\/babychicbymare.com\/#\/schema\/logo\/image\/","url":"https:\/\/i0.wp.com\/babychicbymare.com\/wp-content\/uploads\/2022\/01\/1636618848509.png?fit=1791%2C2057&ssl=1","contentUrl":"https:\/\/i0.wp.com\/babychicbymare.com\/wp-content\/uploads\/2022\/01\/1636618848509.png?fit=1791%2C2057&ssl=1","width":1791,"height":2057,"caption":"Baby Chic"},"image":{"@id":"https:\/\/babychicbymare.com\/#\/schema\/logo\/image\/"},"sameAs":["https:\/\/www.facebook.com\/babychicbymare\/","https:\/\/www.instagram.com\/babychic.melano\/"]}]}},"jetpack_publicize_connections":[],"jetpack_likes_enabled":true,"jetpack_sharing_enabled":true,"amp_enabled":true,"_links":{"self":[{"href":"https:\/\/babychicbymare.com\/index.php?rest_route=\/wp\/v2\/product\/4840","targetHints":{"allow":["GET"]}}],"collection":[{"href":"https:\/\/babychicbymare.com\/index.php?rest_route=\/wp\/v2\/product"}],"about":[{"href":"https:\/\/babychicbymare.com\/index.php?rest_route=\/wp\/v2\/types\/product"}],"replies":[{"embeddable":true,"href":"https:\/\/babychicbymare.com\/index.php?rest_route=%2Fwp%2Fv2%2Fcomments&post=4840"}],"wp:featuredmedia":[{"embeddable":true,"href":"https:\/\/babychicbymare.com\/index.php?rest_route=\/wp\/v2\/media\/4842"}],"wp:attachment":[{"href":"https:\/\/babychicbymare.com\/index.php?rest_route=%2Fwp%2Fv2%2Fmedia&parent=4840"}],"wp:term":[{"taxonomy":"product_brand","embeddable":true,"href":"https:\/\/babychicbymare.com\/index.php?rest_route=%2Fwp%2Fv2%2Fproduct_brand&post=4840"},{"taxonomy":"product_cat","embeddable":true,"href":"https:\/\/babychicbymare.com\/index.php?rest_route=%2Fwp%2Fv2%2Fproduct_cat&post=4840"},{"taxonomy":"product_tag","embeddable":true,"href":"https:\/\/babychicbymare.com\/index.php?rest_route=%2Fwp%2Fv2%2Fproduct_tag&post=4840"}],"curies":[{"name":"wp","href":"https:\/\/api.w.org\/{rel}","templated":true}]}}