{"id":7596,"date":"2023-11-04T18:18:23","date_gmt":"2023-11-04T17:18:23","guid":{"rendered":"https:\/\/babychicbymare.com\/?product=chic-mug"},"modified":"2025-11-01T21:28:05","modified_gmt":"2025-11-01T20:28:05","slug":"chic-mug","status":"publish","type":"product","link":"https:\/\/babychicbymare.com\/?product=chic-mug","title":{"rendered":"Chic Mug"},"content":{"rendered":"<p>La Chic Mug \u00e8 una tazza personalizzabile perfetta per ogni occasione. Con la possibilit\u00e0 di scegliere tra diversi temi, questa tazza \u00e8 adatta sia per la lavastoviglie che per il microonde. \u00c8 il regalo ideale per amici e familiari, o semplicemente per godersi una bevanda calda con stile.<\/p>\n","protected":false},"excerpt":{"rendered":"<p>La Chic Mug \u00e8 una tazza personalizzabile perfetta per ogni occasione. Con la possibilit\u00e0 di scegliere tra diversi temi, questa tazza \u00e8 adatta sia per la lavastoviglie che per il microonde. \u00c8 il regalo ideale per amici e familiari, o semplicemente per godersi una bevanda calda con stile.<\/p>\n","protected":false},"featured_media":7880,"comment_status":"open","ping_status":"closed","template":"","meta":{"_coblocks_attr":"","_coblocks_dimensions":"","_coblocks_responsive_height":"","_coblocks_accordion_ie_support":"","_crdt_document":"","jetpack_post_was_ever_published":false,"jetpack_publicize_message":"","jetpack_publicize_feature_enabled":true,"jetpack_social_post_already_shared":true,"jetpack_social_options":{"image_generator_settings":{"template":"fullscreen","default_image_id":0,"font":"","enabled":false},"version":2},"_wpas_customize_per_network":false},"product_brand":[],"product_cat":[672601279],"product_tag":[672601420,672601421],"class_list":{"0":"post-7596","1":"product","2":"type-product","3":"status-publish","4":"has-post-thumbnail","6":"product_cat-accessori-2","7":"product_tag-mug","8":"product_tag-tazza","9":"product_shipping_class-pacco-economy-7","11":"first","12":"instock","13":"purchasable","14":"product-type-simple"},"yoast_head":"<!-- This site is optimized with the Yoast SEO plugin v27.3 - https:\/\/yoast.com\/product\/yoast-seo-wordpress\/ -->\n<title>Chic Mug - Baby Chic<\/title>\n<meta name=\"robots\" content=\"index, follow, max-snippet:-1, max-image-preview:large, max-video-preview:-1\" \/>\n<link rel=\"canonical\" href=\"https:\/\/babychicbymare.com\/?product=chic-mug\" \/>\n<meta property=\"og:locale\" content=\"it_IT\" \/>\n<meta property=\"og:type\" content=\"article\" \/>\n<meta property=\"og:title\" content=\"Chic Mug - Baby Chic\" \/>\n<meta property=\"og:description\" content=\"La Chic Mug \u00e8 una tazza personalizzabile perfetta per ogni occasione. Con la possibilit\u00e0 di scegliere tra diversi temi, questa tazza \u00e8 adatta sia per la lavastoviglie che per il microonde. \u00c8 il regalo ideale per amici e familiari, o semplicemente per godersi una bevanda calda con stile.\" \/>\n<meta property=\"og:url\" content=\"https:\/\/babychicbymare.com\/?product=chic-mug\" \/>\n<meta property=\"og:site_name\" content=\"Baby Chic\" \/>\n<meta property=\"article:publisher\" content=\"https:\/\/www.facebook.com\/babychicbymare\/\" \/>\n<meta property=\"article:modified_time\" content=\"2025-11-01T20:28:05+00:00\" \/>\n<meta property=\"og:image\" content=\"https:\/\/babychicbymare.com\/wp-content\/uploads\/2024\/01\/1000060070.jpg\" \/>\n\t<meta property=\"og:image:width\" content=\"1482\" \/>\n\t<meta property=\"og:image:height\" content=\"1482\" \/>\n\t<meta property=\"og:image:type\" content=\"image\/jpeg\" \/>\n<meta name=\"twitter:card\" content=\"summary_large_image\" \/>\n<meta name=\"twitter:label1\" content=\"Tempo di lettura stimato\" \/>\n\t<meta name=\"twitter:data1\" content=\"1 minuto\" \/>\n<script type=\"application\/ld+json\" class=\"yoast-schema-graph\">{\"@context\":\"https:\\\/\\\/schema.org\",\"@graph\":[{\"@type\":\"WebPage\",\"@id\":\"https:\\\/\\\/babychicbymare.com\\\/?product=chic-mug\",\"url\":\"https:\\\/\\\/babychicbymare.com\\\/?product=chic-mug\",\"name\":\"Chic Mug - Baby Chic\",\"isPartOf\":{\"@id\":\"https:\\\/\\\/babychicbymare.com\\\/#website\"},\"primaryImageOfPage\":{\"@id\":\"https:\\\/\\\/babychicbymare.com\\\/?product=chic-mug#primaryimage\"},\"image\":{\"@id\":\"https:\\\/\\\/babychicbymare.com\\\/?product=chic-mug#primaryimage\"},\"thumbnailUrl\":\"https:\\\/\\\/i0.wp.com\\\/babychicbymare.com\\\/wp-content\\\/uploads\\\/2024\\\/01\\\/1000060070.jpg?fit=1482%2C1482&ssl=1\",\"datePublished\":\"2023-11-04T17:18:23+00:00\",\"dateModified\":\"2025-11-01T20:28:05+00:00\",\"breadcrumb\":{\"@id\":\"https:\\\/\\\/babychicbymare.com\\\/?product=chic-mug#breadcrumb\"},\"inLanguage\":\"it-IT\",\"potentialAction\":[{\"@type\":\"ReadAction\",\"target\":[\"https:\\\/\\\/babychicbymare.com\\\/?product=chic-mug\"]}]},{\"@type\":\"ImageObject\",\"inLanguage\":\"it-IT\",\"@id\":\"https:\\\/\\\/babychicbymare.com\\\/?product=chic-mug#primaryimage\",\"url\":\"https:\\\/\\\/i0.wp.com\\\/babychicbymare.com\\\/wp-content\\\/uploads\\\/2024\\\/01\\\/1000060070.jpg?fit=1482%2C1482&ssl=1\",\"contentUrl\":\"https:\\\/\\\/i0.wp.com\\\/babychicbymare.com\\\/wp-content\\\/uploads\\\/2024\\\/01\\\/1000060070.jpg?fit=1482%2C1482&ssl=1\",\"width\":1482,\"height\":1482},{\"@type\":\"BreadcrumbList\",\"@id\":\"https:\\\/\\\/babychicbymare.com\\\/?product=chic-mug#breadcrumb\",\"itemListElement\":[{\"@type\":\"ListItem\",\"position\":1,\"name\":\"Home\",\"item\":\"https:\\\/\\\/babychicbymare.com\\\/\"},{\"@type\":\"ListItem\",\"position\":2,\"name\":\"SHOP\",\"item\":\"https:\\\/\\\/babychicbymare.com\\\/?page_id=4140\"},{\"@type\":\"ListItem\",\"position\":3,\"name\":\"Chic Mug\"}]},{\"@type\":\"WebSite\",\"@id\":\"https:\\\/\\\/babychicbymare.com\\\/#website\",\"url\":\"https:\\\/\\\/babychicbymare.com\\\/\",\"name\":\"Baby Chic\",\"description\":\"\",\"publisher\":{\"@id\":\"https:\\\/\\\/babychicbymare.com\\\/#organization\"},\"potentialAction\":[{\"@type\":\"SearchAction\",\"target\":{\"@type\":\"EntryPoint\",\"urlTemplate\":\"https:\\\/\\\/babychicbymare.com\\\/?s={search_term_string}\"},\"query-input\":{\"@type\":\"PropertyValueSpecification\",\"valueRequired\":true,\"valueName\":\"search_term_string\"}}],\"inLanguage\":\"it-IT\"},{\"@type\":\"Organization\",\"@id\":\"https:\\\/\\\/babychicbymare.com\\\/#organization\",\"name\":\"Baby Chic\",\"url\":\"https:\\\/\\\/babychicbymare.com\\\/\",\"logo\":{\"@type\":\"ImageObject\",\"inLanguage\":\"it-IT\",\"@id\":\"https:\\\/\\\/babychicbymare.com\\\/#\\\/schema\\\/logo\\\/image\\\/\",\"url\":\"https:\\\/\\\/i0.wp.com\\\/babychicbymare.com\\\/wp-content\\\/uploads\\\/2022\\\/01\\\/1636618848509.png?fit=1791%2C2057&ssl=1\",\"contentUrl\":\"https:\\\/\\\/i0.wp.com\\\/babychicbymare.com\\\/wp-content\\\/uploads\\\/2022\\\/01\\\/1636618848509.png?fit=1791%2C2057&ssl=1\",\"width\":1791,\"height\":2057,\"caption\":\"Baby Chic\"},\"image\":{\"@id\":\"https:\\\/\\\/babychicbymare.com\\\/#\\\/schema\\\/logo\\\/image\\\/\"},\"sameAs\":[\"https:\\\/\\\/www.facebook.com\\\/babychicbymare\\\/\",\"https:\\\/\\\/www.instagram.com\\\/babychic.melano\\\/\"]}]}<\/script>\n<!-- \/ Yoast SEO plugin. -->","yoast_head_json":{"title":"Chic Mug - Baby Chic","robots":{"index":"index","follow":"follow","max-snippet":"max-snippet:-1","max-image-preview":"max-image-preview:large","max-video-preview":"max-video-preview:-1"},"canonical":"https:\/\/babychicbymare.com\/?product=chic-mug","og_locale":"it_IT","og_type":"article","og_title":"Chic Mug - Baby Chic","og_description":"La Chic Mug \u00e8 una tazza personalizzabile perfetta per ogni occasione. Con la possibilit\u00e0 di scegliere tra diversi temi, questa tazza \u00e8 adatta sia per la lavastoviglie che per il microonde. \u00c8 il regalo ideale per amici e familiari, o semplicemente per godersi una bevanda calda con stile.","og_url":"https:\/\/babychicbymare.com\/?product=chic-mug","og_site_name":"Baby Chic","article_publisher":"https:\/\/www.facebook.com\/babychicbymare\/","article_modified_time":"2025-11-01T20:28:05+00:00","og_image":[{"width":1482,"height":1482,"url":"https:\/\/babychicbymare.com\/wp-content\/uploads\/2024\/01\/1000060070.jpg","type":"image\/jpeg"}],"twitter_card":"summary_large_image","twitter_misc":{"Tempo di lettura stimato":"1 minuto"},"schema":{"@context":"https:\/\/schema.org","@graph":[{"@type":"WebPage","@id":"https:\/\/babychicbymare.com\/?product=chic-mug","url":"https:\/\/babychicbymare.com\/?product=chic-mug","name":"Chic Mug - Baby Chic","isPartOf":{"@id":"https:\/\/babychicbymare.com\/#website"},"primaryImageOfPage":{"@id":"https:\/\/babychicbymare.com\/?product=chic-mug#primaryimage"},"image":{"@id":"https:\/\/babychicbymare.com\/?product=chic-mug#primaryimage"},"thumbnailUrl":"https:\/\/i0.wp.com\/babychicbymare.com\/wp-content\/uploads\/2024\/01\/1000060070.jpg?fit=1482%2C1482&ssl=1","datePublished":"2023-11-04T17:18:23+00:00","dateModified":"2025-11-01T20:28:05+00:00","breadcrumb":{"@id":"https:\/\/babychicbymare.com\/?product=chic-mug#breadcrumb"},"inLanguage":"it-IT","potentialAction":[{"@type":"ReadAction","target":["https:\/\/babychicbymare.com\/?product=chic-mug"]}]},{"@type":"ImageObject","inLanguage":"it-IT","@id":"https:\/\/babychicbymare.com\/?product=chic-mug#primaryimage","url":"https:\/\/i0.wp.com\/babychicbymare.com\/wp-content\/uploads\/2024\/01\/1000060070.jpg?fit=1482%2C1482&ssl=1","contentUrl":"https:\/\/i0.wp.com\/babychicbymare.com\/wp-content\/uploads\/2024\/01\/1000060070.jpg?fit=1482%2C1482&ssl=1","width":1482,"height":1482},{"@type":"BreadcrumbList","@id":"https:\/\/babychicbymare.com\/?product=chic-mug#breadcrumb","itemListElement":[{"@type":"ListItem","position":1,"name":"Home","item":"https:\/\/babychicbymare.com\/"},{"@type":"ListItem","position":2,"name":"SHOP","item":"https:\/\/babychicbymare.com\/?page_id=4140"},{"@type":"ListItem","position":3,"name":"Chic Mug"}]},{"@type":"WebSite","@id":"https:\/\/babychicbymare.com\/#website","url":"https:\/\/babychicbymare.com\/","name":"Baby Chic","description":"","publisher":{"@id":"https:\/\/babychicbymare.com\/#organization"},"potentialAction":[{"@type":"SearchAction","target":{"@type":"EntryPoint","urlTemplate":"https:\/\/babychicbymare.com\/?s={search_term_string}"},"query-input":{"@type":"PropertyValueSpecification","valueRequired":true,"valueName":"search_term_string"}}],"inLanguage":"it-IT"},{"@type":"Organization","@id":"https:\/\/babychicbymare.com\/#organization","name":"Baby Chic","url":"https:\/\/babychicbymare.com\/","logo":{"@type":"ImageObject","inLanguage":"it-IT","@id":"https:\/\/babychicbymare.com\/#\/schema\/logo\/image\/","url":"https:\/\/i0.wp.com\/babychicbymare.com\/wp-content\/uploads\/2022\/01\/1636618848509.png?fit=1791%2C2057&ssl=1","contentUrl":"https:\/\/i0.wp.com\/babychicbymare.com\/wp-content\/uploads\/2022\/01\/1636618848509.png?fit=1791%2C2057&ssl=1","width":1791,"height":2057,"caption":"Baby Chic"},"image":{"@id":"https:\/\/babychicbymare.com\/#\/schema\/logo\/image\/"},"sameAs":["https:\/\/www.facebook.com\/babychicbymare\/","https:\/\/www.instagram.com\/babychic.melano\/"]}]}},"jetpack_publicize_connections":[],"jetpack_likes_enabled":true,"jetpack_sharing_enabled":true,"amp_enabled":true,"_links":{"self":[{"href":"https:\/\/babychicbymare.com\/index.php?rest_route=\/wp\/v2\/product\/7596","targetHints":{"allow":["GET"]}}],"collection":[{"href":"https:\/\/babychicbymare.com\/index.php?rest_route=\/wp\/v2\/product"}],"about":[{"href":"https:\/\/babychicbymare.com\/index.php?rest_route=\/wp\/v2\/types\/product"}],"replies":[{"embeddable":true,"href":"https:\/\/babychicbymare.com\/index.php?rest_route=%2Fwp%2Fv2%2Fcomments&post=7596"}],"wp:featuredmedia":[{"embeddable":true,"href":"https:\/\/babychicbymare.com\/index.php?rest_route=\/wp\/v2\/media\/7880"}],"wp:attachment":[{"href":"https:\/\/babychicbymare.com\/index.php?rest_route=%2Fwp%2Fv2%2Fmedia&parent=7596"}],"wp:term":[{"taxonomy":"product_brand","embeddable":true,"href":"https:\/\/babychicbymare.com\/index.php?rest_route=%2Fwp%2Fv2%2Fproduct_brand&post=7596"},{"taxonomy":"product_cat","embeddable":true,"href":"https:\/\/babychicbymare.com\/index.php?rest_route=%2Fwp%2Fv2%2Fproduct_cat&post=7596"},{"taxonomy":"product_tag","embeddable":true,"href":"https:\/\/babychicbymare.com\/index.php?rest_route=%2Fwp%2Fv2%2Fproduct_tag&post=7596"}],"curies":[{"name":"wp","href":"https:\/\/api.w.org\/{rel}","templated":true}]}}